{"id":772,"date":"2011-01-13T16:54:43","date_gmt":"2011-01-13T16:54:43","guid":{"rendered":"http:\/\/www.sbrunner.net\/?page_id=772"},"modified":"2013-05-20T15:40:49","modified_gmt":"2013-05-20T13:40:49","slug":"impressum","status":"publish","type":"page","link":"https:\/\/www.sbrunner.net\/?page_id=772","title":{"rendered":"Impressum"},"content":{"rendered":"<p>Sabine Brunner<br \/>\nWelfenweg 14<br \/>\n85737 Ismaning<br \/>\ne-Mail:  info &#8218;at&#8216; sbrunner.net<\/p>\n<p><strong>Haftungshinweis:<\/strong><br \/>\nEs wird keine Gew\u00e4hr f\u00fcr Aktualit\u00e4t, Richtigkeit, Vollst\u00e4ndigkeit und Qualit\u00e4t der angebotenen Inhalte geboten. Haftungsanspr\u00fcche f\u00fcr Sch\u00e4den gleich welcher Art, die auf die Verwendung der hier ver\u00f6ffentlichten Informationen zur\u00fcck gef\u00fchrt werden, sind grunds\u00e4tzlich ausgeschlossen, soweit kein vors\u00e4tzliches oder grob fahrl\u00e4ssiges Verschulden vorliegt.<br \/>\nAlle Angebote sind freibleibend und unverbindlich. Es ist ausdr\u00fccklich vorbehalten, ohne Ank\u00fcndigung Teilinformationen, Informationsabschnitte sowie das gesamte Informationsangebot jederzeit zu \u00e4ndern, zu erweitern und zu l\u00f6schen, sowie die Ver\u00f6ffentlichung zeitweise oder dauerhaft einzustellen.<br \/>\nTrotz sorgf\u00e4ltiger inhaltlicher Kontrolle wird keine Haftung f\u00fcr die Inhalte externer Links \u00fcbernommen. F\u00fcr den Inhalt der externen verlinkten Seiten sind ausschlie\u00dflich deren Betreiber verantwortlich.<br \/>\nKommentare geben ausschlie\u00dflich die Meinung der jeweiligen Autoren wieder. Meinungen und Behauptungen in nicht oder noch nicht moderierten Kommentaren macht sich der Betreiber dieser Website nicht zu Eigen.<\/p>\n<p><strong>Copyright:<\/strong><br \/>\nDiese Website und insbesondere deren Inhalte, Grafiken und Medien sind urheberrechtlich gesch\u00fctzt. Nachdruck, Vervielf\u00e4ltigung, Kopie oder Weitergabe von Inhalten, Grafiken und Medien ist nur mit Genehmigung des Urhebers gestattet.<\/p>\n","protected":false},"excerpt":{"rendered":"<p>Sabine Brunner Welfenweg 14 85737 Ismaning e-Mail: info &#8218;at&#8216; sbrunner.net Haftungshinweis: Es wird keine Gew\u00e4hr f\u00fcr Aktualit\u00e4t, Richtigkeit, Vollst\u00e4ndigkeit und Qualit\u00e4t der angebotenen Inhalte geboten. Haftungsanspr\u00fcche f\u00fcr Sch\u00e4den gleich welcher Art, die auf die Verwendung der hier ver\u00f6ffentlichten Informationen zur\u00fcck gef\u00fchrt werden, sind grunds\u00e4tzlich ausgeschlossen, soweit kein vors\u00e4tzliches oder grob fahrl\u00e4ssiges Verschulden vorliegt. Alle Angebote [&hellip;]<\/p>\n","protected":false},"author":4,"featured_media":0,"parent":2,"menu_order":0,"comment_status":"open","ping_status":"open","template":"","meta":{"footnotes":""},"class_list":["post-772","page","type-page","status-publish","hentry"],"_links":{"self":[{"href":"https:\/\/www.sbrunner.net\/index.php?rest_route=\/wp\/v2\/pages\/772","targetHints":{"allow":["GET"]}}],"collection":[{"href":"https:\/\/www.sbrunner.net\/index.php?rest_route=\/wp\/v2\/pages"}],"about":[{"href":"https:\/\/www.sbrunner.net\/index.php?rest_route=\/wp\/v2\/types\/page"}],"author":[{"embeddable":true,"href":"https:\/\/www.sbrunner.net\/index.php?rest_route=\/wp\/v2\/users\/4"}],"replies":[{"embeddable":true,"href":"https:\/\/www.sbrunner.net\/index.php?rest_route=%2Fwp%2Fv2%2Fcomments&post=772"}],"version-history":[{"count":5,"href":"https:\/\/www.sbrunner.net\/index.php?rest_route=\/wp\/v2\/pages\/772\/revisions"}],"predecessor-version":[{"id":4550,"href":"https:\/\/www.sbrunner.net\/index.php?rest_route=\/wp\/v2\/pages\/772\/revisions\/4550"}],"up":[{"embeddable":true,"href":"https:\/\/www.sbrunner.net\/index.php?rest_route=\/wp\/v2\/pages\/2"}],"wp:attachment":[{"href":"https:\/\/www.sbrunner.net\/index.php?rest_route=%2Fwp%2Fv2%2Fmedia&parent=772"}],"curies":[{"name":"wp","href":"https:\/\/api.w.org\/{rel}","templated":true}]}}