{"id":2,"date":"2009-12-23T20:32:11","date_gmt":"2009-12-23T20:32:11","guid":{"rendered":"http:\/\/brunnen.ni-web.de\/wordpress\/?page_id=2"},"modified":"2016-01-22T22:04:47","modified_gmt":"2016-01-22T20:04:47","slug":"eine-seite","status":"publish","type":"page","link":"https:\/\/www.sbrunner.net\/?page_id=2","title":{"rendered":"\u00dcber mich"},"content":{"rendered":"<p><a href=\"https:\/\/www.sbrunner.net\/wp-content\/uploads\/2010\/09\/32.jpg\"><img loading=\"lazy\" decoding=\"async\" src=\"https:\/\/www.sbrunner.net\/wp-content\/uploads\/2010\/09\/32-225x300.jpg\" alt=\"\" title=\"32\" width=\"225\" height=\"300\" class=\"alignnone size-medium wp-image-442\" srcset=\"https:\/\/www.sbrunner.net\/wp-content\/uploads\/2010\/09\/32-225x300.jpg 225w, https:\/\/www.sbrunner.net\/wp-content\/uploads\/2010\/09\/32.jpg 300w\" sizes=\"auto, (max-width: 225px) 100vw, 225px\" \/><\/a><\/p>\n<p>Hier m\u00f6chte ich mich allgemein vorstellen. Ich bin eine naturliebende Bioinformatikerin aus dem sch\u00f6nen Oberbayern und fasse in diesem Blog meine Erlebnisse zusammen. Dass ich ein gro\u00dfer Naturliebhaber bin, erkennt man auch an meinen Hobbys. Meine gro\u00dfe Leidenschaft sind die Berge. Wandern, Bergsteigen und Klettersteige so oft es geht. Und wenn das Wetter nicht mitspielt, dann gehe ich in der Halle klettern. Au\u00dferdem fahre ich unheimlich gerne Rad, weil ich es f\u00fcr die beste Methode halte, um verschiedenste Landschaften in angenehmer Zeit zu genie\u00dfen. Ich bin auch eine leidenschaftliche Geocacherin. Dabei handelt es sich um eine Art Schnitzeljagd, bei der man seine Umgebung mit ganz neuen Augen sieht. Nachdem es mich auch in immer neue Gegenden zieht, reise ich auch unheimlich gern, wobei ich dabei entweder landschaftlich eindrucksvolle Orte mag oder St\u00e4dtereisen.<br \/>\nNachdem es immer wieder was zu erz\u00e4hlen gibt und ich die Erinnerungen an sch\u00f6ne Erlebnisse gerne festhalte, fasse ich einige davon hier im Blog zusammen.<\/p>\n<p>Ich freu mich auf noch viele ereignisreiche Blogeintr\u00e4ge,<br \/>\nliebe Gr\u00fc\u00dfe,<br \/>\nSabine \ud83d\ude42<\/p>\n","protected":false},"excerpt":{"rendered":"<p>Hier m\u00f6chte ich mich allgemein vorstellen. Ich bin eine naturliebende Bioinformatikerin aus dem sch\u00f6nen Oberbayern und fasse in diesem Blog meine Erlebnisse zusammen. Dass ich ein gro\u00dfer Naturliebhaber bin, erkennt man auch an meinen Hobbys. Meine gro\u00dfe Leidenschaft sind die Berge. Wandern, Bergsteigen und Klettersteige so oft es geht. Und wenn das Wetter nicht mitspielt, [&hellip;]<\/p>\n","protected":false},"author":4,"featured_media":0,"parent":0,"menu_order":0,"comment_status":"open","ping_status":"open","template":"","meta":{"footnotes":""},"class_list":["post-2","page","type-page","status-publish","hentry"],"_links":{"self":[{"href":"https:\/\/www.sbrunner.net\/index.php?rest_route=\/wp\/v2\/pages\/2","targetHints":{"allow":["GET"]}}],"collection":[{"href":"https:\/\/www.sbrunner.net\/index.php?rest_route=\/wp\/v2\/pages"}],"about":[{"href":"https:\/\/www.sbrunner.net\/index.php?rest_route=\/wp\/v2\/types\/page"}],"author":[{"embeddable":true,"href":"https:\/\/www.sbrunner.net\/index.php?rest_route=\/wp\/v2\/users\/4"}],"replies":[{"embeddable":true,"href":"https:\/\/www.sbrunner.net\/index.php?rest_route=%2Fwp%2Fv2%2Fcomments&post=2"}],"version-history":[{"count":12,"href":"https:\/\/www.sbrunner.net\/index.php?rest_route=\/wp\/v2\/pages\/2\/revisions"}],"predecessor-version":[{"id":7577,"href":"https:\/\/www.sbrunner.net\/index.php?rest_route=\/wp\/v2\/pages\/2\/revisions\/7577"}],"wp:attachment":[{"href":"https:\/\/www.sbrunner.net\/index.php?rest_route=%2Fwp%2Fv2%2Fmedia&parent=2"}],"curies":[{"name":"wp","href":"https:\/\/api.w.org\/{rel}","templated":true}]}}